{"id":3,"date":"2022-03-11T11:04:38","date_gmt":"2022-03-11T09:04:38","guid":{"rendered":"https:\/\/catforumroma.it\/?page_id=3"},"modified":"2022-07-12T16:29:58","modified_gmt":"2022-07-12T14:29:58","slug":"privacy-policy","status":"publish","type":"page","link":"https:\/\/catforumroma.it\/it\/privacy-policy\/","title":{"rendered":"Privacy Policy"},"content":{"rendered":"<p><strong>Informativa ai sensi dell\u2019art. 13 del Regolamento (UE) n. 679\/2016 e Consenso al Trattamento Dati<\/strong><\/p>\n<p>Ai sensi dell\u2019art. 13 del Regolamento (UE) 2016\/679 (\u201cRegolamento Generale sulla Protezione dei Dati\u201d, di seguito GDPR), e in relazione ai dati personali di cui l\u2019Universit\u00e0 di Notre Dame du Lac (di seguito anche UND) entrer\u00e0 nella disponibilit\u00e0 per i motivi di cui oltre e previa acquisizione del Suo consenso, Le comunichiamo quanto segue:<\/p>\n<p>&nbsp;<\/p>\n<p><strong>Titolare del trattamento<\/strong><\/p>\n<p>Titolare del trattamento \u00e8 l\u2019Universit\u00e0 di Notre Dam du Lac, sede di Roma, via Ostilia n. 15, nella persona della Dott.ssa Silvia dall\u2019Olio, contattabile mediante pec all\u2019indirizzo ndrom@pec.it.\nUND non ha nominato un responsabile della protezione dei dati personali (RPD o DPO) in quanto non tenuta a tale incombente.<\/p>\n<p><strong>\u00a0<\/strong><\/p>\n<p><strong>Finalit\u00e0 del trattamento dei dati<\/strong><\/p>\n<p>Il trattamento \u00e8 effettuato esclusivamente per rispondere ai quesiti dei visitatori ed utenti della piattaforma Catholic Forum Roma (gestita da UND), nonch\u00e8 fornire informazioni sugli eventi aperti al pubblico, in persona e virtuali, organizzati a Roma dalle istituzioni cattoliche aderenti.<\/p>\n<p>I dati personali potranno essere trattati a mezzo di archivi sia cartacei che informatici (ivi compresi dispositivi portatili) e trattati con modalit\u00e0 strettamente necessarie a far fronte alle finalit\u00e0 sopra indicate, sempre nel rispetto dei principi liceit\u00e0, correttezza, trasparenza, limitazione della conservazione, pertinenza, adeguatezza, esattezza, integrit\u00e0, riservatezza e responsabilizzazione.<\/p>\n<p>&nbsp;<\/p>\n<p><strong>Base giuridica del trattamento<\/strong><\/p>\n<p>UND tratta i Suoi dati personali lecitamente, laddove il trattamento:<\/p>\n<ul>\n<li>sia necessario all\u2019esecuzione di un mandato o di un contratto di cui Lei \u00e8 parte o all\u2019esecuzione di misure precontrattuali adottate su richiesta;<\/li>\n<li>sia necessario per adempiere un obbligo legale incombente su UND;<\/li>\n<li>sia basato sul consenso espresso.<\/li>\n<\/ul>\n<p><strong>\u00a0<\/strong><\/p>\n<p><strong>Conseguenze della mancata comunicazione dei dati personali <\/strong><\/p>\n<p>La prestazione del consenso ed il trattamento dei Suoi dati \u00e8 necessario per l\u2019attuazione delle finalit\u00e0 sopra indicate e per l\u2019erogazione dei servizi da parte di UND. L\u2019eventuale rifiuto e\/o la mancata comunicazione dei dati personali richiesti determina l\u2019impossibilit\u00e0 di svolgere le attivit\u00e0 sovradescritte e di adempiere alle normative vigenti.<\/p>\n<p>&nbsp;<\/p>\n<p><strong>Trattamento dei dati<\/strong><\/p>\n<p>Il trattamento dei dati per le finalit\u00e0 di cui sopra e nel rispetto dei sopracitati principi sar\u00e0 effettuato da UND solo tramite gli uffici preposti e da persone all\u2019uopo incaricate, responsabilizzate e formate. I Suoi dati personali non saranno trasferiti e comunicati all\u2019estero.<\/p>\n<p>&nbsp;<\/p>\n<p><strong>Conservazione dei dati<\/strong><\/p>\n<p>I Suoi dati personali, oggetto di trattamento per le finalit\u00e0 sopra indicate, saranno conservati per tutta la durata di funzionamento della piattaforma Catholic Forum Roma o sino alla revoca del Suo consenso, fatti salvi differenti obblighi previsti da norme di legge o regolamenti.<\/p>\n<p>&nbsp;<\/p>\n<p><strong>Comunicazione dei dati<\/strong><\/p>\n<p>I Suoi dati personali, sempre nel rispetto della vigente normativa e dei sopracitati principi, potranno essere comunicati a:<\/p>\n<ol>\n<li>soggetti che elaborano i dati in esecuzione di specifici obblighi di legge;<\/li>\n<li>autorit\u00e0 giudiziarie o amministrative, per l\u2019adempimento degli obblighi di legge.<\/li>\n<\/ol>\n<p><strong>\u00a0<\/strong><\/p>\n<p><strong>Profilazione e Diffusione dei dati<\/strong><\/p>\n<p>I Suoi dati personali non sono soggetti a diffusione, n\u00e9 ad alcun processo decisionale interamente automatizzato, ivi compresa la profilazione.<\/p>\n<p>&nbsp;<\/p>\n<p><strong>Diritti dell\u2019interessato<\/strong><\/p>\n<p>Tra i diritti a Lei riconosciuti dal GDPR, esercitabili mediante specifica richiesta a UND, via Ostilia n. 15, 00184 Roma, Italia \u2013 pec ndrom@pec.it (che sar\u00e0 tenuta a rispondere entro il termine di un mese, prorogabile fino a tre mesi in casi di particolare complessit\u00e0), rientrano quelli di:<\/p>\n<ul>\n<li>-\tchiedere a UND l'accesso ai Suoi dati personali ed alle informazioni relative agli stessi; la rettifica dei dati inesatti o l'integrazione di quelli incompleti; la cancellazione dei dati personali che La riguardano (al verificarsi di una delle condizioni indicate nell'art. 17, paragrafo 1, del GDPR e nel rispetto delle eccezioni previste nel paragrafo 3 dello stesso articolo); la limitazione del trattamento dei Suoi dati personali (al ricorrere di una delle ipotesi indicate nell'art. 18, paragrafo 1, del GDPR);<\/li>\n<li>richiedere ed ottenere da UND - nelle ipotesi in cui la base giuridica del trattamento sia il contratto o il consenso, e lo stesso sia effettuato con mezzi automatizzati - i Suoi dati personali in un formato strutturato e leggibile da dispositivo automatico, anche al fine di comunicare tali dati ad un altro titolare del trattamento (c.d. diritto alla portabilit\u00e0 dei dati personali);<\/li>\n<li>opporsi in qualsiasi momento al trattamento dei Suoi dati personali al ricorrere di situazioni particolari che La riguardano;<\/li>\n<li>revocare il consenso in qualsiasi momento, limitatamente alle ipotesi in cui il trattamento sia basato sul Suo consenso per una o pi\u00f9 specifiche finalit\u00e0 e riguardi dati personali comuni (ad esempio data e luogo di nascita o luogo di residenza), oppure particolari categorie di dati (ad esempio dati che rivelano la Sua origine razziale, le Sue opinioni politiche, le Sue convinzioni religiose, lo stato di salute o la vita sessuale). Il trattamento basato sul consenso ed effettuato antecedentemente alla revoca dello stesso conserva, comunque, la sua liceit\u00e0;<\/li>\n<li>proporre reclamo a un'autorit\u00e0 di controllo (Autorit\u00e0 Garante per la protezione dei dati personali \u2013 www.garanteprivacy.it).<\/li>\n<\/ul>\n<p>&nbsp;<\/p>\n<p>&nbsp;<\/p>","protected":false},"excerpt":{"rendered":"<p>Acknowledgement pursuant to art. 13 of Regulation (EU) no. 679\/2016 and Data Processing Consent Pursuant to art. 13 of Regulation (EU) 2016\/679 (&#8220;General Data Protection Regulation&#8221;, hereinafter GDPR), and in relation to the personal data of which the University of Notre Dame du Lac (hereinafter also UND) will become available for the reasons mentioned above [&hellip;]<\/p>","protected":false},"author":1,"featured_media":0,"parent":0,"menu_order":0,"comment_status":"closed","ping_status":"closed","template":"","meta":{"_acf_changed":false,"footnotes":""},"class_list":["post-3","page","type-page","status-publish","hentry"],"acf":[],"_links":{"self":[{"href":"https:\/\/catforumroma.it\/it\/wp-json\/wp\/v2\/pages\/3","targetHints":{"allow":["GET"]}}],"collection":[{"href":"https:\/\/catforumroma.it\/it\/wp-json\/wp\/v2\/pages"}],"about":[{"href":"https:\/\/catforumroma.it\/it\/wp-json\/wp\/v2\/types\/page"}],"author":[{"embeddable":true,"href":"https:\/\/catforumroma.it\/it\/wp-json\/wp\/v2\/users\/1"}],"replies":[{"embeddable":true,"href":"https:\/\/catforumroma.it\/it\/wp-json\/wp\/v2\/comments?post=3"}],"version-history":[{"count":0,"href":"https:\/\/catforumroma.it\/it\/wp-json\/wp\/v2\/pages\/3\/revisions"}],"wp:attachment":[{"href":"https:\/\/catforumroma.it\/it\/wp-json\/wp\/v2\/media?parent=3"}],"curies":[{"name":"wp","href":"https:\/\/api.w.org\/{rel}","templated":true}]}}