{"id":2,"date":"2022-03-11T11:04:38","date_gmt":"2022-03-11T11:04:38","guid":{"rendered":"https:\/\/catforumroma.it\/?page_id=2"},"modified":"2022-05-27T15:47:45","modified_gmt":"2022-05-27T13:47:45","slug":"about","status":"publish","type":"page","link":"https:\/\/catforumroma.it\/it\/about\/","title":{"rendered":"Chi siamo"},"content":{"rendered":"<p>Il 2020 \u00e8 stato caratterizzato dalla pandemia di Covid-19, che continua tutt\u2019ora. Nel provocare numerosi disagi, essa ha contribuito a far emergere con maggior chiarezza alcuni elementi di criticit\u00e0 del contesto accademico. \u00c8 in questo quadro che alcune Universit\u00e0 cattoliche del territorio romano, luogo privilegiato dell'esperienza cattolica, hanno iniziato a confrontarsi sulle sfide da affrontare e sulle possibili sinergie da attuare in vista del bene comune.<\/p>\r\n<p>University of Notre Dame Rome Global Gateway, Georgetown Representative Office in Rome, Pontificio Ateneo S. Anselmo, Libera Universit\u00e0 Maria Santissima Assunta (LUMSA), Pontificio Istituto di Studi Arabi e d'Islamistica (PISAI), Pontificia Universit\u00e0 Gregoriana, Pontificia Universit\u00e0 S. Tommaso d\u2019Aquino (Angelicum), Pontificia Universit\u00e0 Urbaniana hanno cos\u00ec dato vita a un laboratorio in cui riflettere sul tempo presente alla luce del Proemio della Costituzione Apostolica\u00a0<em>Veritatis Gaudium<\/em>.<\/p>\r\n<p><em>\u00abLa contemplazione e introduzione spirituale, intellettuale ed esistenziale nel cuore del kerygma, il dialogo aperto, l\u2019inter- e trans- disciplinariet\u00e0 esercitate alla luce della Rivelazione, l'invito a fare rete tra le diverse istituzioni\u00bb<\/em>\u00a0sono oggetto di riflessione comune tra i partecipanti a questo laboratorio, partendo dalla specificit\u00e0 di ogni istituzione coinvolta e avendo come fine nuove sinergie e una maggiore consapevolezza delle sfide che la pandemia ha contribuito a evidenziare.<\/p>\r\n<p>Coerentemente con quanto auspicato dal Proemio, il dialogo tra le Istituzioni Accademiche coinvolte vuole essere  la risposta costruttiva a un periodo di difficolt\u00e0 che sollecita la ricerca di forme di collaborazione nel perseguimento di finalit\u00e0 comuni.<\/p>","protected":false},"excerpt":{"rendered":"<p>2020 was characterized by the Covid-19 pandemic, which continues to this day. In causing numerous inconveniences, it has helped to bring\u00a0some critical elements of the academic context\u00a0to the forefront. It is in this situation that some Catholic universities in the Roman territory, a privileged place of the Catholic experience, have begun to discuss the challenges [&hellip;]<\/p>","protected":false},"author":1,"featured_media":0,"parent":0,"menu_order":0,"comment_status":"closed","ping_status":"closed","template":"","meta":{"_acf_changed":false,"footnotes":""},"class_list":["post-2","page","type-page","status-publish","hentry"],"acf":[],"_links":{"self":[{"href":"https:\/\/catforumroma.it\/it\/wp-json\/wp\/v2\/pages\/2","targetHints":{"allow":["GET"]}}],"collection":[{"href":"https:\/\/catforumroma.it\/it\/wp-json\/wp\/v2\/pages"}],"about":[{"href":"https:\/\/catforumroma.it\/it\/wp-json\/wp\/v2\/types\/page"}],"author":[{"embeddable":true,"href":"https:\/\/catforumroma.it\/it\/wp-json\/wp\/v2\/users\/1"}],"replies":[{"embeddable":true,"href":"https:\/\/catforumroma.it\/it\/wp-json\/wp\/v2\/comments?post=2"}],"version-history":[{"count":0,"href":"https:\/\/catforumroma.it\/it\/wp-json\/wp\/v2\/pages\/2\/revisions"}],"wp:attachment":[{"href":"https:\/\/catforumroma.it\/it\/wp-json\/wp\/v2\/media?parent=2"}],"curies":[{"name":"wp","href":"https:\/\/api.w.org\/{rel}","templated":true}]}}